{"id":5397,"date":"2023-01-16T09:28:06","date_gmt":"2023-01-16T09:28:06","guid":{"rendered":"https:\/\/bentouch.group\/?page_id=5397"},"modified":"2025-07-30T07:41:53","modified_gmt":"2025-07-30T07:41:53","slug":"chateau-noirieux","status":"publish","type":"page","link":"https:\/\/bentouch.group\/en\/the-network\/hotels\/chateau-noirieux\/","title":{"rendered":"Ch\u00e2teau de Noirieux"},"content":{"rendered":"<div data-elementor-type=\"wp-page\" data-elementor-id=\"5397\" class=\"elementor elementor-5397\">\n\t\t\t\t\t\t<section class=\"elementor-section elementor-top-section elementor-element elementor-element-e1738d5 elementor-section-stretched elementor-section-height-full elementor-section-boxed elementor-section-height-default elementor-section-items-middle\" data-id=\"e1738d5\" data-element_type=\"section\" data-settings=\"{&quot;background_background&quot;:&quot;classic&quot;,&quot;stretch_section&quot;:&quot;section-stretched&quot;}\">\n\t\t\t\t\t\t\t<div class=\"elementor-background-overlay\"><\/div>\n\t\t\t\t\t\t\t<div class=\"elementor-container elementor-column-gap-wider\">\n\t\t\t\t\t<div class=\"elementor-column elementor-col-100 elementor-top-column elementor-element elementor-element-3d04cd2\" data-id=\"3d04cd2\" data-element_type=\"column\">\n\t\t\t<div class=\"elementor-widget-wrap elementor-element-populated\">\n\t\t\t\t\t\t<section class=\"elementor-section elementor-inner-section elementor-element elementor-element-eb97990 elementor-section-boxed elementor-section-height-default elementor-section-height-default\" data-id=\"eb97990\" data-element_type=\"section\" data-settings=\"{&quot;background_background&quot;:&quot;classic&quot;}\">\n\t\t\t\t\t\t<div class=\"elementor-container elementor-column-gap-default\">\n\t\t\t\t\t<div class=\"elementor-column elementor-col-100 elementor-inner-column elementor-element elementor-element-b546f73 elementor-invisible\" data-id=\"b546f73\" data-element_type=\"column\" data-settings=\"{&quot;animation&quot;:&quot;fadeInDown&quot;,&quot;background_background&quot;:&quot;classic&quot;}\">\n\t\t\t<div class=\"elementor-widget-wrap elementor-element-populated\">\n\t\t\t\t\t<div class=\"elementor-background-overlay\"><\/div>\n\t\t\t\t\t\t<div class=\"elementor-element elementor-element-40bc4177 elementor-invisible elementor-widget elementor-widget-image\" data-id=\"40bc4177\" data-element_type=\"widget\" data-settings=\"{&quot;_animation&quot;:&quot;fadeInDown&quot;,&quot;_animation_delay&quot;:400}\" data-widget_type=\"image.default\">\n\t\t\t\t<div class=\"elementor-widget-container\">\n\t\t\t\t\t\t\t\t\t\t\t\t\t\t\t<img decoding=\"async\" width=\"205\" height=\"47\" src=\"https:\/\/bentouch.group\/wp-content\/uploads\/2023\/01\/CHATEAU_NOIRIEUX_BLANC-1.svg\" class=\"attachment-large size-large wp-image-6495\" alt=\"\" \/>\t\t\t\t\t\t\t\t\t\t\t\t\t\t\t<\/div>\n\t\t\t\t<\/div>\n\t\t\t\t<div class=\"elementor-element elementor-element-f4a7822 animated-slow elementor-invisible elementor-widget elementor-widget-image\" data-id=\"f4a7822\" data-element_type=\"widget\" data-settings=\"{&quot;_animation&quot;:&quot;fadeInDown&quot;,&quot;_animation_delay&quot;:400}\" data-widget_type=\"image.default\">\n\t\t\t\t<div class=\"elementor-widget-container\">\n\t\t\t\t\t\t\t\t\t\t\t\t\t\t\t<img decoding=\"async\" width=\"28\" height=\"41\" src=\"https:\/\/bentouch.group\/wp-content\/uploads\/2022\/12\/arrow-2-04.svg\" class=\"attachment-large size-large wp-image-1684\" alt=\"\" \/>\t\t\t\t\t\t\t\t\t\t\t\t\t\t\t<\/div>\n\t\t\t\t<\/div>\n\t\t\t\t\t<\/div>\n\t\t<\/div>\n\t\t\t\t\t<\/div>\n\t\t<\/section>\n\t\t\t\t\t<\/div>\n\t\t<\/div>\n\t\t\t\t\t<\/div>\n\t\t<\/section>\n\t\t\t\t<section class=\"elementor-section elementor-top-section elementor-element elementor-element-0cf72b1 elementor-section-stretched elementor-section-boxed elementor-section-height-default elementor-section-height-default\" data-id=\"0cf72b1\" data-element_type=\"section\" data-settings=\"{&quot;stretch_section&quot;:&quot;section-stretched&quot;,&quot;background_background&quot;:&quot;classic&quot;}\">\n\t\t\t\t\t\t<div class=\"elementor-container elementor-column-gap-wider\">\n\t\t\t\t\t<div class=\"elementor-column elementor-col-100 elementor-top-column elementor-element elementor-element-6319e04\" data-id=\"6319e04\" data-element_type=\"column\" data-settings=\"{&quot;background_background&quot;:&quot;classic&quot;}\">\n\t\t\t<div class=\"elementor-widget-wrap elementor-element-populated\">\n\t\t\t\t\t\t<section class=\"elementor-section elementor-inner-section elementor-element elementor-element-6d06864 elementor-section-boxed elementor-section-height-default elementor-section-height-default\" data-id=\"6d06864\" data-element_type=\"section\">\n\t\t\t\t\t\t<div class=\"elementor-container elementor-column-gap-default\">\n\t\t\t\t\t<div class=\"elementor-column elementor-col-50 elementor-inner-column elementor-element elementor-element-ecbebb3\" data-id=\"ecbebb3\" data-element_type=\"column\">\n\t\t\t<div class=\"elementor-widget-wrap elementor-element-populated\">\n\t\t\t\t\t\t<div class=\"elementor-element elementor-element-bd8f485 elementor-invisible elementor-widget elementor-widget-heading\" data-id=\"bd8f485\" data-element_type=\"widget\" data-settings=\"{&quot;_animation&quot;:&quot;fadeInLeft&quot;,&quot;_animation_delay&quot;:100}\" data-widget_type=\"heading.default\">\n\t\t\t\t<div class=\"elementor-widget-container\">\n\t\t\t\t\t<h2 class=\"elementor-heading-title elementor-size-default\">History<\/h2>\t\t\t\t<\/div>\n\t\t\t\t<\/div>\n\t\t\t\t<div class=\"elementor-element elementor-element-c756cfd elementor-widget-divider--view-line elementor-widget elementor-widget-divider\" data-id=\"c756cfd\" data-element_type=\"widget\" data-widget_type=\"divider.default\">\n\t\t\t\t<div class=\"elementor-widget-container\">\n\t\t\t\t\t\t\t<div class=\"elementor-divider\">\n\t\t\t<span class=\"elementor-divider-separator\">\n\t\t\t\t\t\t<\/span>\n\t\t<\/div>\n\t\t\t\t\t\t<\/div>\n\t\t\t\t<\/div>\n\t\t\t\t<div class=\"elementor-element elementor-element-b7f3426 animated-slow elementor-invisible elementor-widget elementor-widget-text-editor\" data-id=\"b7f3426\" data-element_type=\"widget\" data-settings=\"{&quot;_animation&quot;:&quot;fadeInLeft&quot;,&quot;_animation_delay&quot;:600}\" data-widget_type=\"text-editor.default\">\n\t\t\t\t<div class=\"elementor-widget-container\">\n\t\t\t\t\t\t\t\t\t<p>Just 20 minutes from Angers in the Loire Valley, Ch\u00e2teau de Noirieux and its 15th-century manor house a 4-star Relais et Ch\u00e2teaux hotel.<\/p><p>For a stopover, a romantic weekend or a family holiday, enjoy the absolute peace and quiet of the Anjou countryside and the beauty of the Loire Valley landscapes. A jewel box of history and French refinement to enjoy unique moments.<\/p>\t\t\t\t\t\t\t\t<\/div>\n\t\t\t\t<\/div>\n\t\t\t\t<div class=\"elementor-element elementor-element-a3f1e58 elementor-invisible elementor-widget elementor-widget-image\" data-id=\"a3f1e58\" data-element_type=\"widget\" data-settings=\"{&quot;_animation&quot;:&quot;fadeInUp&quot;}\" data-widget_type=\"image.default\">\n\t\t\t\t<div class=\"elementor-widget-container\">\n\t\t\t\t\t\t\t\t\t\t\t\t\t\t\t<img decoding=\"async\" width=\"205\" height=\"47\" src=\"https:\/\/bentouch.group\/wp-content\/uploads\/2023\/01\/CHATEAU_NOIRIEUX_BLANC-1.svg\" class=\"attachment-large size-large wp-image-6495\" alt=\"\" \/>\t\t\t\t\t\t\t\t\t\t\t\t\t\t\t<\/div>\n\t\t\t\t<\/div>\n\t\t\t\t\t<\/div>\n\t\t<\/div>\n\t\t\t\t<div class=\"elementor-column elementor-col-50 elementor-inner-column elementor-element elementor-element-a2ee780 elementor-invisible\" data-id=\"a2ee780\" data-element_type=\"column\" data-settings=\"{&quot;background_background&quot;:&quot;classic&quot;,&quot;animation&quot;:&quot;fadeInUp&quot;,&quot;animation_delay&quot;:200}\">\n\t\t\t<div class=\"elementor-widget-wrap elementor-element-populated\">\n\t\t\t\t\t\t<div class=\"elementor-element elementor-element-2b4c5dc elementor-widget elementor-widget-image\" data-id=\"2b4c5dc\" data-element_type=\"widget\" data-widget_type=\"image.default\">\n\t\t\t\t<div class=\"elementor-widget-container\">\n\t\t\t\t\t\t\t\t\t\t\t\t\t\t\t<img fetchpriority=\"high\" decoding=\"async\" width=\"880\" height=\"560\" src=\"https:\/\/bentouch.group\/wp-content\/uploads\/2023\/01\/PAGE-CHATEAU-DE-NOIRIEUX-image-texte-histoire-ok.webp\" class=\"attachment-large size-large wp-image-6535\" alt=\"\" srcset=\"https:\/\/bentouch.group\/wp-content\/uploads\/2023\/01\/PAGE-CHATEAU-DE-NOIRIEUX-image-texte-histoire-ok.webp 880w, https:\/\/bentouch.group\/wp-content\/uploads\/2023\/01\/PAGE-CHATEAU-DE-NOIRIEUX-image-texte-histoire-ok-300x191.webp 300w, https:\/\/bentouch.group\/wp-content\/uploads\/2023\/01\/PAGE-CHATEAU-DE-NOIRIEUX-image-texte-histoire-ok-768x489.webp 768w, https:\/\/bentouch.group\/wp-content\/uploads\/2023\/01\/PAGE-CHATEAU-DE-NOIRIEUX-image-texte-histoire-ok-229x146.webp 229w, https:\/\/bentouch.group\/wp-content\/uploads\/2023\/01\/PAGE-CHATEAU-DE-NOIRIEUX-image-texte-histoire-ok-50x32.webp 50w, https:\/\/bentouch.group\/wp-content\/uploads\/2023\/01\/PAGE-CHATEAU-DE-NOIRIEUX-image-texte-histoire-ok-118x75.webp 118w\" sizes=\"(max-width: 880px) 100vw, 880px\" \/>\t\t\t\t\t\t\t\t\t\t\t\t\t\t\t<\/div>\n\t\t\t\t<\/div>\n\t\t\t\t\t<\/div>\n\t\t<\/div>\n\t\t\t\t\t<\/div>\n\t\t<\/section>\n\t\t\t\t\t<\/div>\n\t\t<\/div>\n\t\t\t\t\t<\/div>\n\t\t<\/section>\n\t\t\t\t<section class=\"elementor-section elementor-top-section elementor-element elementor-element-b7c9971 elementor-section-stretched top-sep opacity-6 green big-sep elementor-section-boxed elementor-section-height-default elementor-section-height-default\" data-id=\"b7c9971\" data-element_type=\"section\" data-settings=\"{&quot;stretch_section&quot;:&quot;section-stretched&quot;,&quot;background_background&quot;:&quot;classic&quot;}\">\n\t\t\t\t\t\t<div class=\"elementor-container elementor-column-gap-wider\">\n\t\t\t\t\t<div class=\"elementor-column elementor-col-100 elementor-top-column elementor-element elementor-element-ddf9a48\" data-id=\"ddf9a48\" data-element_type=\"column\">\n\t\t\t<div class=\"elementor-widget-wrap elementor-element-populated\">\n\t\t\t\t\t\t<div class=\"elementor-element elementor-element-a58b48b animated-slow elementor-invisible elementor-widget elementor-widget-heading\" data-id=\"a58b48b\" data-element_type=\"widget\" data-settings=\"{&quot;_animation&quot;:&quot;fadeInDown&quot;,&quot;_animation_delay&quot;:600}\" data-widget_type=\"heading.default\">\n\t\t\t\t<div class=\"elementor-widget-container\">\n\t\t\t\t\t<h2 class=\"elementor-heading-title elementor-size-default\">Services<\/h2>\t\t\t\t<\/div>\n\t\t\t\t<\/div>\n\t\t\t\t<div class=\"elementor-element elementor-element-723a3e1 elementor-invisible elementor-widget elementor-widget-text-editor\" data-id=\"723a3e1\" data-element_type=\"widget\" data-settings=\"{&quot;_animation&quot;:&quot;fadeInDown&quot;,&quot;_animation_delay&quot;:300}\" data-widget_type=\"text-editor.default\">\n\t\t\t\t<div class=\"elementor-widget-container\">\n\t\t\t\t\t\t\t\t\t<p>Ch\u00e2teau de Noireux offers visitors<strong>, the French art of living<\/strong> , a subtle blend of tradition and refined luxury. Each space has been<br \/>designed with this in mind:<\/p>\t\t\t\t\t\t\t\t<\/div>\n\t\t\t\t<\/div>\n\t\t\t\t<div class=\"elementor-element elementor-element-89d2606 elementor-invisible elementor-widget elementor-widget-text-editor\" data-id=\"89d2606\" data-element_type=\"widget\" data-settings=\"{&quot;_animation&quot;:&quot;fadeInUp&quot;,&quot;_animation_delay&quot;:300}\" data-widget_type=\"text-editor.default\">\n\t\t\t\t<div class=\"elementor-widget-container\">\n\t\t\t\t\t\t\t\t\t<ul><li class=\"translation-block\">Charming 4-star hotel near Angers<\/li><li><span id=\"page3R_mcid77\" class=\"markedContent\"><span dir=\"ltr\" role=\"presentation\">Gastronomic <\/span><\/span><span id=\"page3R_mcid78\" class=\"markedContent\"><span dir=\"ltr\" role=\"presentation\">restaurant<\/span><\/span><span id=\"page3R_mcid79\" class=\"markedContent\"> <span dir=\"ltr\" role=\"presentation\">:<\/span><\/span><span id=\"page3R_mcid80\" class=\"markedContent\"> L&rsquo;Attilio Briollay<\/span><\/li><li class=\"translation-block\">Bar Lounge<\/li><li class=\"translation-block\">Wellness area<\/li><li class=\"translation-block\">An exceptional park with a plant maze<\/li><li class=\"translation-block\">Heated outdoor swimming pool (in season)<\/li><li class=\"translation-block\">Heated outdoor jacuzzi (in season)<\/li><\/ul>\t\t\t\t\t\t\t\t<\/div>\n\t\t\t\t<\/div>\n\t\t\t\t<div class=\"elementor-element elementor-element-a51aa78 elementor-align-center elementor-widget elementor-widget-button\" data-id=\"a51aa78\" data-element_type=\"widget\" data-widget_type=\"button.default\">\n\t\t\t\t<div class=\"elementor-widget-container\">\n\t\t\t\t\t\t\t\t\t<div class=\"elementor-button-wrapper\">\n\t\t\t\t\t<a class=\"elementor-button elementor-button-link elementor-size-md\" href=\"\/en\/contact\/\">\n\t\t\t\t\t\t<span class=\"elementor-button-content-wrapper\">\n\t\t\t\t\t\t\t\t\t<span class=\"elementor-button-text\">Contact us<\/span>\n\t\t\t\t\t<\/span>\n\t\t\t\t\t<\/a>\n\t\t\t\t<\/div>\n\t\t\t\t\t\t\t\t<\/div>\n\t\t\t\t<\/div>\n\t\t\t\t\t<\/div>\n\t\t<\/div>\n\t\t\t\t\t<\/div>\n\t\t<\/section>\n\t\t\t\t<section class=\"elementor-section elementor-top-section elementor-element elementor-element-1fdffb8c elementor-section-stretched elementor-section-boxed elementor-section-height-default elementor-section-height-default\" data-id=\"1fdffb8c\" data-element_type=\"section\" data-settings=\"{&quot;stretch_section&quot;:&quot;section-stretched&quot;,&quot;background_background&quot;:&quot;classic&quot;}\">\n\t\t\t\t\t\t\t<div class=\"elementor-background-overlay\"><\/div>\n\t\t\t\t\t\t\t<div class=\"elementor-container elementor-column-gap-wider\">\n\t\t\t\t\t<div class=\"elementor-column elementor-col-100 elementor-top-column elementor-element elementor-element-422633a9\" data-id=\"422633a9\" data-element_type=\"column\">\n\t\t\t<div class=\"elementor-widget-wrap elementor-element-populated\">\n\t\t\t\t\t\t<section class=\"elementor-section elementor-inner-section elementor-element elementor-element-5a6919a6 elementor-section-boxed elementor-section-height-default elementor-section-height-default\" data-id=\"5a6919a6\" data-element_type=\"section\">\n\t\t\t\t\t\t<div class=\"elementor-container elementor-column-gap-default\">\n\t\t\t\t\t<div class=\"elementor-column elementor-col-50 elementor-inner-column elementor-element elementor-element-3d072f42\" data-id=\"3d072f42\" data-element_type=\"column\">\n\t\t\t<div class=\"elementor-widget-wrap elementor-element-populated\">\n\t\t\t\t\t\t<div class=\"elementor-element elementor-element-5b70503b elementor-invisible elementor-widget elementor-widget-heading\" data-id=\"5b70503b\" data-element_type=\"widget\" data-settings=\"{&quot;_animation&quot;:&quot;fadeInDown&quot;}\" data-widget_type=\"heading.default\">\n\t\t\t\t<div class=\"elementor-widget-container\">\n\t\t\t\t\t<span class=\"elementor-heading-title elementor-size-default\">Contact Ben Touch<\/span>\t\t\t\t<\/div>\n\t\t\t\t<\/div>\n\t\t\t\t<div class=\"elementor-element elementor-element-39604ca9 border-right elementor-invisible elementor-widget elementor-widget-heading\" data-id=\"39604ca9\" data-element_type=\"widget\" data-settings=\"{&quot;_animation&quot;:&quot;fadeInDown&quot;}\" data-widget_type=\"heading.default\">\n\t\t\t\t<div class=\"elementor-widget-container\">\n\t\t\t\t\t<h2 class=\"elementor-heading-title elementor-size-default\">Let's keep \n<br>in touch<\/h2>\t\t\t\t<\/div>\n\t\t\t\t<\/div>\n\t\t\t\t\t<\/div>\n\t\t<\/div>\n\t\t\t\t<div class=\"elementor-column elementor-col-50 elementor-inner-column elementor-element elementor-element-71fff092\" data-id=\"71fff092\" data-element_type=\"column\">\n\t\t\t<div class=\"elementor-widget-wrap elementor-element-populated\">\n\t\t\t\t\t\t<div class=\"elementor-element elementor-element-4013f896 elementor-align-center elementor-widget elementor-widget-button\" data-id=\"4013f896\" data-element_type=\"widget\" data-widget_type=\"button.default\">\n\t\t\t\t<div class=\"elementor-widget-container\">\n\t\t\t\t\t\t\t\t\t<div class=\"elementor-button-wrapper\">\n\t\t\t\t\t<a class=\"elementor-button elementor-button-link elementor-size-md\" href=\"\/en\/contact\/\">\n\t\t\t\t\t\t<span class=\"elementor-button-content-wrapper\">\n\t\t\t\t\t\t\t\t\t<span class=\"elementor-button-text\">Contact us<\/span>\n\t\t\t\t\t<\/span>\n\t\t\t\t\t<\/a>\n\t\t\t\t<\/div>\n\t\t\t\t\t\t\t\t<\/div>\n\t\t\t\t<\/div>\n\t\t\t\t<div class=\"elementor-element elementor-element-2ff5f6af elementor-absolute elementor-hidden-tablet elementor-hidden-mobile elementor-widget-divider--view-line elementor-invisible elementor-widget elementor-widget-divider\" data-id=\"2ff5f6af\" data-element_type=\"widget\" data-settings=\"{&quot;_position&quot;:&quot;absolute&quot;,&quot;_animation&quot;:&quot;fadeInRight&quot;}\" data-widget_type=\"divider.default\">\n\t\t\t\t<div class=\"elementor-widget-container\">\n\t\t\t\t\t\t\t<div class=\"elementor-divider\">\n\t\t\t<span class=\"elementor-divider-separator\">\n\t\t\t\t\t\t<\/span>\n\t\t<\/div>\n\t\t\t\t\t\t<\/div>\n\t\t\t\t<\/div>\n\t\t\t\t\t<\/div>\n\t\t<\/div>\n\t\t\t\t\t<\/div>\n\t\t<\/section>\n\t\t\t\t\t<\/div>\n\t\t<\/div>\n\t\t\t\t\t<\/div>\n\t\t<\/section>\n\t\t\t\t<\/div>","protected":false},"excerpt":{"rendered":"<p>Histoire Situ\u00e9 \u00e0 20 minutes d\u2019Angers, dans le Val de Loire, le Ch\u00e2teau de Noirieux et son Manoir du XV\u00e8me si\u00e8cle abritent un h\u00f4tel 4 \u00e9toiles.<span class=\"excerpt-hellip\"> [\u2026]<\/span><\/p>","protected":false},"author":5,"featured_media":0,"parent":5080,"menu_order":0,"comment_status":"open","ping_status":"closed","template":"","meta":{"footnotes":""},"class_list":["post-5397","page","type-page","status-publish","hentry"],"_links":{"self":[{"href":"https:\/\/bentouch.group\/en\/wp-json\/wp\/v2\/pages\/5397","targetHints":{"allow":["GET"]}}],"collection":[{"href":"https:\/\/bentouch.group\/en\/wp-json\/wp\/v2\/pages"}],"about":[{"href":"https:\/\/bentouch.group\/en\/wp-json\/wp\/v2\/types\/page"}],"author":[{"embeddable":true,"href":"https:\/\/bentouch.group\/en\/wp-json\/wp\/v2\/users\/5"}],"replies":[{"embeddable":true,"href":"https:\/\/bentouch.group\/en\/wp-json\/wp\/v2\/comments?post=5397"}],"version-history":[{"count":142,"href":"https:\/\/bentouch.group\/en\/wp-json\/wp\/v2\/pages\/5397\/revisions"}],"predecessor-version":[{"id":11915,"href":"https:\/\/bentouch.group\/en\/wp-json\/wp\/v2\/pages\/5397\/revisions\/11915"}],"up":[{"embeddable":true,"href":"https:\/\/bentouch.group\/en\/wp-json\/wp\/v2\/pages\/5080"}],"wp:attachment":[{"href":"https:\/\/bentouch.group\/en\/wp-json\/wp\/v2\/media?parent=5397"}],"curies":[{"name":"wp","href":"https:\/\/api.w.org\/{rel}","templated":true}]}}