{"id":6153,"date":"2023-01-16T17:36:06","date_gmt":"2023-01-16T17:36:06","guid":{"rendered":"https:\/\/bentouch.group\/?page_id=6153"},"modified":"2025-05-09T13:57:09","modified_gmt":"2025-05-09T13:57:09","slug":"recrutement","status":"publish","type":"page","link":"https:\/\/bentouch.group\/en\/the-talents\/offers\/","title":{"rendered":"Our offers"},"content":{"rendered":"<div data-elementor-type=\"wp-page\" data-elementor-id=\"6153\" class=\"elementor elementor-6153\">\n\t\t\t\t\t\t<section class=\"elementor-section elementor-top-section elementor-element elementor-element-e1738d5 elementor-section-stretched elementor-section-height-full elementor-section-boxed elementor-section-height-default elementor-section-items-middle\" data-id=\"e1738d5\" data-element_type=\"section\" data-settings=\"{&quot;background_background&quot;:&quot;classic&quot;,&quot;stretch_section&quot;:&quot;section-stretched&quot;}\">\n\t\t\t\t\t\t\t<div class=\"elementor-background-overlay\"><\/div>\n\t\t\t\t\t\t\t<div class=\"elementor-container elementor-column-gap-wider\">\n\t\t\t\t\t<div class=\"elementor-column elementor-col-100 elementor-top-column elementor-element elementor-element-3d04cd2\" data-id=\"3d04cd2\" data-element_type=\"column\">\n\t\t\t<div class=\"elementor-widget-wrap elementor-element-populated\">\n\t\t\t\t\t\t<section class=\"elementor-section elementor-inner-section elementor-element elementor-element-eb97990 elementor-section-boxed elementor-section-height-default elementor-section-height-default\" data-id=\"eb97990\" data-element_type=\"section\" data-settings=\"{&quot;background_background&quot;:&quot;classic&quot;}\">\n\t\t\t\t\t\t<div class=\"elementor-container elementor-column-gap-default\">\n\t\t\t\t\t<div class=\"elementor-column elementor-col-100 elementor-inner-column elementor-element elementor-element-b546f73 elementor-invisible\" data-id=\"b546f73\" data-element_type=\"column\" data-settings=\"{&quot;animation&quot;:&quot;fadeInDown&quot;,&quot;background_background&quot;:&quot;classic&quot;}\">\n\t\t\t<div class=\"elementor-widget-wrap elementor-element-populated\">\n\t\t\t\t\t<div class=\"elementor-background-overlay\"><\/div>\n\t\t\t\t\t\t<div class=\"elementor-element elementor-element-f4be01e elementor-widget elementor-widget-heading\" data-id=\"f4be01e\" data-element_type=\"widget\" data-widget_type=\"heading.default\">\n\t\t\t\t<div class=\"elementor-widget-container\">\n\t\t\t\t\t<h1 class=\"elementor-heading-title elementor-size-default\">Our offers<\/h1>\t\t\t\t<\/div>\n\t\t\t\t<\/div>\n\t\t\t\t<div class=\"elementor-element elementor-element-dae4f08 elementor-widget elementor-widget-text-editor\" data-id=\"dae4f08\" data-element_type=\"widget\" data-widget_type=\"text-editor.default\">\n\t\t\t\t<div class=\"elementor-widget-container\">\n\t\t\t\t\t\t\t\t\t<p class=\"translation-block\">Discover\u00a0<span style=\"letter-spacing: 0px\"> all our Ben Touch offers<\/span><\/p>\t\t\t\t\t\t\t\t<\/div>\n\t\t\t\t<\/div>\n\t\t\t\t<div class=\"elementor-element elementor-element-8226e05 animated-slow elementor-invisible elementor-widget elementor-widget-image\" data-id=\"8226e05\" data-element_type=\"widget\" data-settings=\"{&quot;_animation&quot;:&quot;fadeInDown&quot;,&quot;_animation_delay&quot;:300}\" data-widget_type=\"image.default\">\n\t\t\t\t<div class=\"elementor-widget-container\">\n\t\t\t\t\t\t\t\t\t\t\t\t\t\t\t<img decoding=\"async\" width=\"28\" height=\"41\" src=\"https:\/\/bentouch.group\/wp-content\/uploads\/2022\/12\/arrow-2-04.svg\" class=\"attachment-large size-large wp-image-1684\" alt=\"\" \/>\t\t\t\t\t\t\t\t\t\t\t\t\t\t\t<\/div>\n\t\t\t\t<\/div>\n\t\t\t\t\t<\/div>\n\t\t<\/div>\n\t\t\t\t\t<\/div>\n\t\t<\/section>\n\t\t\t\t\t<\/div>\n\t\t<\/div>\n\t\t\t\t\t<\/div>\n\t\t<\/section>\n\t\t\t\t<section class=\"elementor-section elementor-top-section elementor-element elementor-element-0cf72b1 elementor-section-stretched recrutement elementor-section-boxed elementor-section-height-default elementor-section-height-default\" data-id=\"0cf72b1\" data-element_type=\"section\" data-settings=\"{&quot;stretch_section&quot;:&quot;section-stretched&quot;,&quot;background_background&quot;:&quot;classic&quot;}\">\n\t\t\t\t\t\t<div class=\"elementor-container elementor-column-gap-wider\">\n\t\t\t\t\t<div class=\"elementor-column elementor-col-100 elementor-top-column elementor-element elementor-element-6319e04\" data-id=\"6319e04\" data-element_type=\"column\">\n\t\t\t<div class=\"elementor-widget-wrap elementor-element-populated\">\n\t\t\t\t\t\t<section class=\"elementor-section elementor-inner-section elementor-element elementor-element-8de171f elementor-section-boxed elementor-section-height-default elementor-section-height-default\" data-id=\"8de171f\" data-element_type=\"section\">\n\t\t\t\t\t\t<div class=\"elementor-container elementor-column-gap-default\">\n\t\t\t\t\t<div class=\"elementor-column elementor-col-100 elementor-inner-column elementor-element elementor-element-549c059\" data-id=\"549c059\" data-element_type=\"column\">\n\t\t\t<div class=\"elementor-widget-wrap elementor-element-populated\">\n\t\t\t\t\t\t<div class=\"elementor-element elementor-element-1041275 elementor-widget elementor-widget-shortcode\" data-id=\"1041275\" data-element_type=\"widget\" data-widget_type=\"shortcode.default\">\n\t\t\t\t<div class=\"elementor-widget-container\">\n\t\t\t\t\t\t\t<div class=\"elementor-shortcode\">    <div class=\"taleez-job-container\">\n        <input\n            type=\"text\"\n            id=\"taleez-search\"\n            name=\"taleez_search\"\n            placeholder=\"Rechercher par ville\"\n            value=\"\" \/>\n\n        <div id=\"taleez-loader\" style=\"display: none;\">\n            <div class=\"spinner\"><\/div>\n        <\/div>\n\n            <div id=\"taleez-jobs-wrapper\">\n        <div id=\"taleez-loader\" style=\"display: none;\">\n            <div class=\"spinner\"><\/div>\n        <\/div>\n        <div id=\"taleez-jobs\" class=\"taleez-jobs\">\n                                                                    <div class=\"taleez-job\">\n                        <p class=\"taleez-job-title\">Poseur\/Applicateur H\/F - D\u00e9butant accept\u00e9<\/p>\n                        <div class=\"taleez-job-details-container\">\n                            <div class=\"taleez-job-details\">\n                                <p>il y a 3 hours<\/p>\n                                <p>Saumur<\/p>\n                                <p>CDI<\/p>\n                            <\/div>\n                            <div>\n                                <p><a class=\"taleez-job-button\" href=\"https:\/\/taleez.com\/apply\/poseur-applicateur-h-f-debutant-accepte-saumur-technitoit-cdi\" target=\"_blank\">Consulter l'offre<\/a><\/p>\n                            <\/div>\n                        <\/div>\n                    <\/div>\n                                                        <div class=\"taleez-job\">\n                        <p class=\"taleez-job-title\">Chef de partie H\/F<\/p>\n                        <div class=\"taleez-job-details-container\">\n                            <div class=\"taleez-job-details\">\n                                <p>il y a 3 days<\/p>\n                                <p>Paris<\/p>\n                                <p>CDI<\/p>\n                            <\/div>\n                            <div>\n                                <p><a class=\"taleez-job-button\" href=\"https:\/\/taleez.com\/apply\/chef-de-partie-h-f-paris-l-attilio-restaurant-cdi-2\" target=\"_blank\">Consulter l'offre<\/a><\/p>\n                            <\/div>\n                        <\/div>\n                    <\/div>\n                                                        <div class=\"taleez-job\">\n                        <p class=\"taleez-job-title\">Poseur\/Applicateur H\/F - D\u00e9butant accept\u00e9<\/p>\n                        <div class=\"taleez-job-details-container\">\n                            <div class=\"taleez-job-details\">\n                                <p>il y a 3 days<\/p>\n                                <p>Laval<\/p>\n                                <p>CDI<\/p>\n                            <\/div>\n                            <div>\n                                <p><a class=\"taleez-job-button\" href=\"https:\/\/taleez.com\/apply\/poseur-applicateur-debutant-accepte-h-f-laval-technitoit-cdi-2\" target=\"_blank\">Consulter l'offre<\/a><\/p>\n                            <\/div>\n                        <\/div>\n                    <\/div>\n                                                        <div class=\"taleez-job\">\n                        <p class=\"taleez-job-title\">Commercial Habitat H\/F - D\u00e9butant accept\u00e9<\/p>\n                        <div class=\"taleez-job-details-container\">\n                            <div class=\"taleez-job-details\">\n                                <p>il y a 3 days<\/p>\n                                <p>Brest<\/p>\n                                <p>CDI<\/p>\n                            <\/div>\n                            <div>\n                                <p><a class=\"taleez-job-button\" href=\"https:\/\/taleez.com\/apply\/commercial-habitat-h-f-debutant-accepte-brest-technitoit-cdi-1\" target=\"_blank\">Consulter l'offre<\/a><\/p>\n                            <\/div>\n                        <\/div>\n                    <\/div>\n                                    <\/div>\n    <\/div>\n\n        <div id=\"taleez-load-more-wrapper\">\n            <button id=\"taleez-load-more\" data-page=\"2\">Charger plus d'offres<\/button>\n            <div id=\"taleez-load-more-loader\" style=\"display: none;\">\n                <div class=\"spinner\"><\/div>\n            <\/div>\n        <\/div>\n\n\n    <\/div>\n\n    <script>\n        (function($) {\n            let timeout;\n            const delay = 500;\n\n            \/\/ Fonction pour r\u00e9cup\u00e9rer les offres\n            function fetchJobs(page = 0, search = '') {\n                if (!search) {\n                    search = '';\n                }\n\n                \/\/ Afficher le loader et cacher les offres\n                showLoader();\n                $('#no-results-message').hide();\n                $('#taleez-jobs').html('');\n\n                $.ajax({\n                    url: \"https:\/\/bentouch.group\/wp-admin\/admin-ajax.php\",\n                    method: \"POST\",\n                    data: {\n                        action: 'taleez_search_jobs',\n                        search: search,\n                        page: page\n                    },\n                    success: function(data) {\n                        if (data) {\n                            $('#taleez-jobs').html(data);\n\n                            if ($('#taleez-jobs').children('.taleez-job').length === 0) {\n                                $('#no-results-message').show();\n                            }\n\n                            \/\/ V\u00e9rifier si les r\u00e9sultats sont sup\u00e9rieur \u00e0 4 \n                            const totalJobsReturned = $('#taleez-jobs').children('.taleez-job').length;\n                            const jobsPerPage = 4;\n\n                            if (totalJobsReturned < jobsPerPage) {\n                                $('#taleez-load-more').hide();\n                            } else {\n                                $('#taleez-load-more').show();\n                            }\n                        }\n                        hideLoader();\n                    },\n                    error: function() {\n                        $('#taleez-jobs').html('<p>Une erreur est survenue<\/p>');\n                        hideLoader();\n                    }\n                });\n            }\n\n            \/\/ Fonction pour afficher ou cacher le loader\n            function showLoader() {\n                $('#taleez-loader').show();\n                $('#taleez-jobs').hide();\n            }\n\n            function hideLoader() {\n                $('#taleez-loader').hide();\n                $('#taleez-jobs').show();\n            }\n\n            \/\/ Gestion de la barre de recherche\n            $('#taleez-search').on('input', function() {\n                \/\/ Annuler l'appel pr\u00e9c\u00e9dent s'il existe\n                clearTimeout(timeout);\n\n                const search = $(this).val().trim();\n\n                timeout = setTimeout(function() {\n                    fetchJobs(1, search); \/\/ Relancer la recherche avec la ville ou sans la ville si vide\n                }, delay);\n            });\n\n            \/\/ Pagination\n            $('#taleez-load-more').on('click', function() {\n                const page = $(this).data('page');\n                const search = $('#taleez-search').val();\n\n                \/\/ loader du bouton charger plus\n                $('#taleez-load-more').hide();\n                $('#taleez-load-more-loader').show();\n\n                $.ajax({\n                    url: \"https:\/\/bentouch.group\/wp-admin\/admin-ajax.php\",\n                    method: \"POST\",\n                    data: {\n                        action: 'taleez_load_more',\n                        page: page,\n                        search: search\n                    },\n                    success: function(data) {\n                        $('#taleez-jobs').append(data).show();\n\n                        const totalJobsReturned = $('#taleez-jobs').children('.taleez-job').length;\n                        const jobsPerPage = 4;\n\n                        if (totalJobsReturned % jobsPerPage !== 0) {\n                            $('#taleez-load-more-wrapper').hide();\n                        } else {\n                            \/\/ Toggle : loader out \/ bouton back\n                            $('#taleez-load-more-loader').hide();\n                            $('#taleez-load-more')\n                                .data('page', page + 1)\n                                .text('Charger plus d\\'offres')\n                                .prop('disabled', false)\n                                .show();\n                        }\n                    },\n                    error: function() {\n                        $('#taleez-load-more').text('Erreur... R\u00e9essayer').prop('disabled', false).show();\n                        $('#taleez-load-more-loader').hide();\n                    }\n                });\n            });\n\n        })(jQuery);\n    <\/script>\n\n\n<\/div>\n\t\t\t\t\t\t<\/div>\n\t\t\t\t<\/div>\n\t\t\t\t\t<\/div>\n\t\t<\/div>\n\t\t\t\t\t<\/div>\n\t\t<\/section>\n\t\t\t\t\t<\/div>\n\t\t<\/div>\n\t\t\t\t\t<\/div>\n\t\t<\/section>\n\t\t\t\t<section class=\"elementor-section elementor-top-section elementor-element elementor-element-825d192 elementor-section-stretched recrutement elementor-section-boxed elementor-section-height-default elementor-section-height-default\" data-id=\"825d192\" data-element_type=\"section\" data-settings=\"{&quot;stretch_section&quot;:&quot;section-stretched&quot;,&quot;background_background&quot;:&quot;classic&quot;}\">\n\t\t\t\t\t\t<div class=\"elementor-container elementor-column-gap-wider\">\n\t\t\t\t\t<div class=\"elementor-column elementor-col-100 elementor-top-column elementor-element elementor-element-3a48cc3\" data-id=\"3a48cc3\" data-element_type=\"column\">\n\t\t\t<div class=\"elementor-widget-wrap elementor-element-populated\">\n\t\t\t\t\t\t<section class=\"elementor-section elementor-inner-section elementor-element elementor-element-c7d509e elementor-section-content-middle elementor-section-boxed elementor-section-height-default elementor-section-height-default\" data-id=\"c7d509e\" data-element_type=\"section\">\n\t\t\t\t\t\t<div class=\"elementor-container elementor-column-gap-default\">\n\t\t\t\t\t<div class=\"elementor-column elementor-col-50 elementor-inner-column elementor-element elementor-element-437840f\" data-id=\"437840f\" data-element_type=\"column\">\n\t\t\t<div class=\"elementor-widget-wrap elementor-element-populated\">\n\t\t\t\t\t\t<div class=\"elementor-element elementor-element-96c0542 elementor-widget elementor-widget-heading\" data-id=\"96c0542\" data-element_type=\"widget\" data-widget_type=\"heading.default\">\n\t\t\t\t<div class=\"elementor-widget-container\">\n\t\t\t\t\t<h2 class=\"elementor-heading-title elementor-size-default\">Unsolicited applications<\/h2>\t\t\t\t<\/div>\n\t\t\t\t<\/div>\n\t\t\t\t<div class=\"elementor-element elementor-element-b7dcf1f elementor-widget elementor-widget-text-editor\" data-id=\"b7dcf1f\" data-element_type=\"widget\" data-widget_type=\"text-editor.default\">\n\t\t\t\t<div class=\"elementor-widget-container\">\n\t\t\t\t\t\t\t\t\t<p>We don't have any vacancies at the moment, but don't hesitate to send us your unsolicited application!<\/p>\t\t\t\t\t\t\t\t<\/div>\n\t\t\t\t<\/div>\n\t\t\t\t\t<\/div>\n\t\t<\/div>\n\t\t\t\t<div class=\"elementor-column elementor-col-50 elementor-inner-column elementor-element elementor-element-e6b7b86\" data-id=\"e6b7b86\" data-element_type=\"column\" data-settings=\"{&quot;background_background&quot;:&quot;classic&quot;}\">\n\t\t\t<div class=\"elementor-widget-wrap elementor-element-populated\">\n\t\t\t\t\t\t<div class=\"elementor-element elementor-element-59a32a5 elementor-widget elementor-widget-text-editor\" data-id=\"59a32a5\" data-element_type=\"widget\" data-widget_type=\"text-editor.default\">\n\t\t\t\t<div class=\"elementor-widget-container\">\n\t\t\t\t\t\t\t\t\t<p>\n<div class=\"wpcf7 no-js\" id=\"wpcf7-f7399-o1\" lang=\"en-US\" dir=\"ltr\" data-wpcf7-id=\"7399\">\n<div class=\"screen-reader-response\"><p role=\"status\" aria-live=\"polite\" aria-atomic=\"true\"><\/p> <ul><\/ul><\/div>\n<form action=\"\/en\/wp-json\/wp\/v2\/pages\/6153#wpcf7-f7399-o1\" method=\"post\" class=\"wpcf7-form init\" aria-label=\"Contact form\" enctype=\"multipart\/form-data\" novalidate=\"novalidate\" data-status=\"init\" data-trp-original-action=\"\/en\/wp-json\/wp\/v2\/pages\/6153#wpcf7-f7399-o1\">\n<fieldset class=\"hidden-fields-container\"><input type=\"hidden\" name=\"_wpcf7\" value=\"7399\" \/><input type=\"hidden\" name=\"_wpcf7_version\" value=\"6.1.4\" \/><input type=\"hidden\" name=\"_wpcf7_locale\" value=\"en_US\" \/><input type=\"hidden\" name=\"_wpcf7_unit_tag\" value=\"wpcf7-f7399-o1\" \/><input type=\"hidden\" name=\"_wpcf7_container_post\" value=\"0\" \/><input type=\"hidden\" name=\"_wpcf7_posted_data_hash\" value=\"\" \/><input type=\"hidden\" name=\"_wpcf7_recaptcha_response\" value=\"\" \/>\n<\/fieldset>\n<div class=\"column one\">\n\t<p><label>Surname <sup>*<\/sup><span class=\"wpcf7-form-control-wrap\" data-name=\"your-name\"><input size=\"40\" maxlength=\"400\" class=\"wpcf7-form-control wpcf7-text wpcf7-validates-as-required\" aria-required=\"true\" aria-invalid=\"false\" value=\"\" type=\"text\" name=\"your-name\" \/><\/span> <\/label>\n\t<\/p>\n<\/div>\n<div class=\"column one\">\n\t<p><label>First name <sup>*<\/sup><\/label><span class=\"wpcf7-form-control-wrap\" data-name=\"your-surname\"><input size=\"40\" maxlength=\"400\" class=\"wpcf7-form-control wpcf7-text wpcf7-validates-as-required\" aria-required=\"true\" aria-invalid=\"false\" value=\"\" type=\"text\" name=\"your-surname\" \/><\/span>\n\t<\/p>\n<\/div>\n<div class=\"column one\">\n\t<p><label>E-mail <sup>*<\/sup><\/label><span class=\"wpcf7-form-control-wrap\" data-name=\"your-email\"><input size=\"40\" maxlength=\"400\" class=\"wpcf7-form-control wpcf7-email wpcf7-validates-as-required wpcf7-text wpcf7-validates-as-email\" aria-required=\"true\" aria-invalid=\"false\" value=\"\" type=\"email\" name=\"your-email\" \/><\/span>\n\t<\/p>\n<\/div>\n<div class=\"column one-second file\">\n\t<p><label>CV*<\/label><span class=\"wpcf7-form-control-wrap\" data-name=\"file-cv\"><input size=\"40\" class=\"wpcf7-form-control wpcf7-file wpcf7-validates-as-required\" accept=\".doc,.docx,.pdf,.odt\" aria-required=\"true\" aria-invalid=\"false\" type=\"file\" name=\"file-cv\" \/><\/span>\n\t<\/p>\n<\/div>\n<div class=\"column one-second file\">\n\t<p><label>Portfolio<\/label><span class=\"wpcf7-form-control-wrap\" data-name=\"file-portfolio\"><input size=\"40\" class=\"wpcf7-form-control wpcf7-file\" accept=\".jpg,.png,.pdf\" aria-invalid=\"false\" type=\"file\" name=\"file-portfolio\" \/><\/span>\n\t<\/p>\n<\/div>\n<div class=\"column one\">\n\t<p><label>Message <sup>*<\/sup><\/label><span class=\"wpcf7-form-control-wrap\" data-name=\"your-message\"><textarea cols=\"40\" rows=\"6\" maxlength=\"2000\" class=\"wpcf7-form-control wpcf7-textarea wpcf7-validates-as-required\" aria-required=\"true\" aria-invalid=\"false\" name=\"your-message\"><\/textarea><\/span>\n\t<\/p>\n<\/div>\n<div class=\"column one-second mobile-one consent-column\">\n\t<p><span class=\"wpcf7-form-control-wrap\" data-name=\"Acceptance\"><span class=\"wpcf7-form-control wpcf7-acceptance\"><span class=\"wpcf7-list-item\"><label><input type=\"checkbox\" name=\"Acceptance\" value=\"1\" aria-invalid=\"false\" \/><span class=\"wpcf7-list-item-label\"><span class=\"consent-mentions\">I consent to the processing of my data in connection with my unsolicited application<\/span><\/span><\/label><\/span><\/span><\/span>\n\t<\/p>\n<\/div>\n<div class=\"column one-second mobile-one\">\n\t<p><input class=\"wpcf7-form-control wpcf7-submit has-spinner button_full_width\" type=\"submit\" value=\"Send my application\" \/>\n\t<\/p>\n<\/div>\n<div style=\"clear:both;\">\n<\/div><div class=\"wpcf7-response-output\" aria-hidden=\"true\"><\/div>\n<input type=\"hidden\" name=\"trp-form-language\" value=\"en\"\/><\/form>\n<\/div>\n<\/p>\t\t\t\t\t\t\t\t<\/div>\n\t\t\t\t<\/div>\n\t\t\t\t\t<\/div>\n\t\t<\/div>\n\t\t\t\t\t<\/div>\n\t\t<\/section>\n\t\t\t\t\t<\/div>\n\t\t<\/div>\n\t\t\t\t\t<\/div>\n\t\t<\/section>\n\t\t\t\t<section class=\"elementor-section elementor-top-section elementor-element elementor-element-101695a1 elementor-section-stretched elementor-section-boxed elementor-section-height-default elementor-section-height-default\" data-id=\"101695a1\" data-element_type=\"section\" data-settings=\"{&quot;stretch_section&quot;:&quot;section-stretched&quot;,&quot;background_background&quot;:&quot;classic&quot;}\">\n\t\t\t\t\t\t\t<div class=\"elementor-background-overlay\"><\/div>\n\t\t\t\t\t\t\t<div class=\"elementor-container elementor-column-gap-wider\">\n\t\t\t\t\t<div class=\"elementor-column elementor-col-100 elementor-top-column elementor-element elementor-element-39372fdf\" data-id=\"39372fdf\" data-element_type=\"column\">\n\t\t\t<div class=\"elementor-widget-wrap elementor-element-populated\">\n\t\t\t\t\t\t<section class=\"elementor-section elementor-inner-section elementor-element elementor-element-f69f431 elementor-section-boxed elementor-section-height-default elementor-section-height-default\" data-id=\"f69f431\" data-element_type=\"section\">\n\t\t\t\t\t\t<div class=\"elementor-container elementor-column-gap-default\">\n\t\t\t\t\t<div class=\"elementor-column elementor-col-50 elementor-inner-column elementor-element elementor-element-43331e18\" data-id=\"43331e18\" data-element_type=\"column\">\n\t\t\t<div class=\"elementor-widget-wrap elementor-element-populated\">\n\t\t\t\t\t\t<div class=\"elementor-element elementor-element-1b2211e4 elementor-invisible elementor-widget elementor-widget-heading\" data-id=\"1b2211e4\" data-element_type=\"widget\" data-settings=\"{&quot;_animation&quot;:&quot;fadeInDown&quot;}\" data-widget_type=\"heading.default\">\n\t\t\t\t<div class=\"elementor-widget-container\">\n\t\t\t\t\t<span class=\"elementor-heading-title elementor-size-default\">Contact Ben Touch<\/span>\t\t\t\t<\/div>\n\t\t\t\t<\/div>\n\t\t\t\t<div class=\"elementor-element elementor-element-274ee2ec border-right elementor-invisible elementor-widget elementor-widget-heading\" data-id=\"274ee2ec\" data-element_type=\"widget\" data-settings=\"{&quot;_animation&quot;:&quot;fadeInDown&quot;}\" data-widget_type=\"heading.default\">\n\t\t\t\t<div class=\"elementor-widget-container\">\n\t\t\t\t\t<h2 class=\"elementor-heading-title elementor-size-default\">Let's keep \n<br>in touch<\/h2>\t\t\t\t<\/div>\n\t\t\t\t<\/div>\n\t\t\t\t\t<\/div>\n\t\t<\/div>\n\t\t\t\t<div class=\"elementor-column elementor-col-50 elementor-inner-column elementor-element elementor-element-254c08f8\" data-id=\"254c08f8\" data-element_type=\"column\">\n\t\t\t<div class=\"elementor-widget-wrap elementor-element-populated\">\n\t\t\t\t\t\t<div class=\"elementor-element elementor-element-e98a790 elementor-align-center elementor-widget elementor-widget-button\" data-id=\"e98a790\" data-element_type=\"widget\" data-widget_type=\"button.default\">\n\t\t\t\t<div class=\"elementor-widget-container\">\n\t\t\t\t\t\t\t\t\t<div class=\"elementor-button-wrapper\">\n\t\t\t\t\t<a class=\"elementor-button elementor-button-link elementor-size-md\" href=\"\/en\/contact\/\">\n\t\t\t\t\t\t<span class=\"elementor-button-content-wrapper\">\n\t\t\t\t\t\t\t\t\t<span class=\"elementor-button-text\">Contact us<\/span>\n\t\t\t\t\t<\/span>\n\t\t\t\t\t<\/a>\n\t\t\t\t<\/div>\n\t\t\t\t\t\t\t\t<\/div>\n\t\t\t\t<\/div>\n\t\t\t\t<div class=\"elementor-element elementor-element-17cea5bc elementor-absolute elementor-hidden-tablet elementor-hidden-mobile elementor-widget-divider--view-line elementor-invisible elementor-widget elementor-widget-divider\" data-id=\"17cea5bc\" data-element_type=\"widget\" data-settings=\"{&quot;_position&quot;:&quot;absolute&quot;,&quot;_animation&quot;:&quot;fadeInRight&quot;}\" data-widget_type=\"divider.default\">\n\t\t\t\t<div class=\"elementor-widget-container\">\n\t\t\t\t\t\t\t<div class=\"elementor-divider\">\n\t\t\t<span class=\"elementor-divider-separator\">\n\t\t\t\t\t\t<\/span>\n\t\t<\/div>\n\t\t\t\t\t\t<\/div>\n\t\t\t\t<\/div>\n\t\t\t\t\t<\/div>\n\t\t<\/div>\n\t\t\t\t\t<\/div>\n\t\t<\/section>\n\t\t\t\t\t<\/div>\n\t\t<\/div>\n\t\t\t\t\t<\/div>\n\t\t<\/section>\n\t\t\t\t<\/div>","protected":false},"excerpt":{"rendered":"<p>Nos offres D\u00e9couvrez\u00a0toutes nos offres Ben Touch Candidatures spontan\u00e9es Nous n&rsquo;avons pas d&rsquo;offres pour le moment, mais n&rsquo;h\u00e9sitez pas \u00e0 nous envoyer votre candidature spontan\u00e9e !<span class=\"excerpt-hellip\"> [\u2026]<\/span><\/p>","protected":false},"author":5,"featured_media":0,"parent":3282,"menu_order":0,"comment_status":"open","ping_status":"closed","template":"","meta":{"footnotes":""},"class_list":["post-6153","page","type-page","status-publish","hentry"],"_links":{"self":[{"href":"https:\/\/bentouch.group\/en\/wp-json\/wp\/v2\/pages\/6153","targetHints":{"allow":["GET"]}}],"collection":[{"href":"https:\/\/bentouch.group\/en\/wp-json\/wp\/v2\/pages"}],"about":[{"href":"https:\/\/bentouch.group\/en\/wp-json\/wp\/v2\/types\/page"}],"author":[{"embeddable":true,"href":"https:\/\/bentouch.group\/en\/wp-json\/wp\/v2\/users\/5"}],"replies":[{"embeddable":true,"href":"https:\/\/bentouch.group\/en\/wp-json\/wp\/v2\/comments?post=6153"}],"version-history":[{"count":340,"href":"https:\/\/bentouch.group\/en\/wp-json\/wp\/v2\/pages\/6153\/revisions"}],"predecessor-version":[{"id":11309,"href":"https:\/\/bentouch.group\/en\/wp-json\/wp\/v2\/pages\/6153\/revisions\/11309"}],"up":[{"embeddable":true,"href":"https:\/\/bentouch.group\/en\/wp-json\/wp\/v2\/pages\/3282"}],"wp:attachment":[{"href":"https:\/\/bentouch.group\/en\/wp-json\/wp\/v2\/media?parent=6153"}],"curies":[{"name":"wp","href":"https:\/\/api.w.org\/{rel}","templated":true}]}}