{"id":9700,"date":"2023-11-16T09:56:02","date_gmt":"2023-11-16T09:56:02","guid":{"rendered":"https:\/\/bentouch.group\/?page_id=9700"},"modified":"2023-12-19T11:24:58","modified_gmt":"2023-12-19T11:24:58","slug":"lattilio-paris","status":"publish","type":"page","link":"https:\/\/bentouch.group\/en\/the-network\/hotels\/lattilio-paris\/","title":{"rendered":"Attilio Paris"},"content":{"rendered":"<div data-elementor-type=\"wp-page\" data-elementor-id=\"9700\" class=\"elementor elementor-9700\">\n\t\t\t\t\t\t<section class=\"elementor-section elementor-top-section elementor-element elementor-element-e1738d5 elementor-section-stretched elementor-section-height-full elementor-section-boxed elementor-section-height-default elementor-section-items-middle\" data-id=\"e1738d5\" data-element_type=\"section\" data-settings=\"{&quot;background_background&quot;:&quot;classic&quot;,&quot;stretch_section&quot;:&quot;section-stretched&quot;}\">\n\t\t\t\t\t\t\t<div class=\"elementor-background-overlay\"><\/div>\n\t\t\t\t\t\t\t<div class=\"elementor-container elementor-column-gap-wider\">\n\t\t\t\t\t<div class=\"elementor-column elementor-col-100 elementor-top-column elementor-element elementor-element-3d04cd2\" data-id=\"3d04cd2\" data-element_type=\"column\">\n\t\t\t<div class=\"elementor-widget-wrap elementor-element-populated\">\n\t\t\t\t\t\t<section class=\"elementor-section elementor-inner-section elementor-element elementor-element-eb97990 elementor-section-boxed elementor-section-height-default elementor-section-height-default\" data-id=\"eb97990\" data-element_type=\"section\" data-settings=\"{&quot;background_background&quot;:&quot;classic&quot;}\">\n\t\t\t\t\t\t<div class=\"elementor-container elementor-column-gap-default\">\n\t\t\t\t\t<div class=\"elementor-column elementor-col-100 elementor-inner-column elementor-element elementor-element-b546f73 elementor-invisible\" data-id=\"b546f73\" data-element_type=\"column\" data-settings=\"{&quot;animation&quot;:&quot;fadeInDown&quot;,&quot;background_background&quot;:&quot;classic&quot;}\">\n\t\t\t<div class=\"elementor-widget-wrap elementor-element-populated\">\n\t\t\t\t\t<div class=\"elementor-background-overlay\"><\/div>\n\t\t\t\t\t\t<div class=\"elementor-element elementor-element-4257bf0 elementor-widget elementor-widget-html\" data-id=\"4257bf0\" data-element_type=\"widget\" data-widget_type=\"html.default\">\n\t\t\t\t<div class=\"elementor-widget-container\">\n\t\t\t\t\t<style>\n        #Content {\n            padding:0px;\n        }\n<\/style>\t\t\t\t<\/div>\n\t\t\t\t<\/div>\n\t\t\t\t<div class=\"elementor-element elementor-element-40bc4177 elementor-invisible elementor-widget elementor-widget-image\" data-id=\"40bc4177\" data-element_type=\"widget\" data-settings=\"{&quot;_animation&quot;:&quot;fadeInDown&quot;,&quot;_animation_delay&quot;:400}\" data-widget_type=\"image.default\">\n\t\t\t\t<div class=\"elementor-widget-container\">\n\t\t\t\t\t\t\t\t\t\t\t\t\t\t\t<img fetchpriority=\"high\" decoding=\"async\" width=\"600\" height=\"137\" src=\"https:\/\/bentouch.group\/wp-content\/uploads\/2023\/11\/OK_LOGO_ATTILIO_PARIS_B_RVB-3.svg\" class=\"attachment-full size-full wp-image-9842\" alt=\"\" \/>\t\t\t\t\t\t\t\t\t\t\t\t\t\t\t<\/div>\n\t\t\t\t<\/div>\n\t\t\t\t<div class=\"elementor-element elementor-element-f4a7822 animated-slow elementor-invisible elementor-widget elementor-widget-image\" data-id=\"f4a7822\" data-element_type=\"widget\" data-settings=\"{&quot;_animation&quot;:&quot;fadeInDown&quot;,&quot;_animation_delay&quot;:400}\" data-widget_type=\"image.default\">\n\t\t\t\t<div class=\"elementor-widget-container\">\n\t\t\t\t\t\t\t\t\t\t\t\t\t\t\t<img decoding=\"async\" width=\"28\" height=\"41\" src=\"https:\/\/bentouch.group\/wp-content\/uploads\/2022\/12\/arrow-2-04.svg\" class=\"attachment-large size-large wp-image-1684\" alt=\"\" \/>\t\t\t\t\t\t\t\t\t\t\t\t\t\t\t<\/div>\n\t\t\t\t<\/div>\n\t\t\t\t\t<\/div>\n\t\t<\/div>\n\t\t\t\t\t<\/div>\n\t\t<\/section>\n\t\t\t\t\t<\/div>\n\t\t<\/div>\n\t\t\t\t\t<\/div>\n\t\t<\/section>\n\t\t\t\t<section class=\"elementor-section elementor-top-section elementor-element elementor-element-0cf72b1 elementor-section-stretched elementor-section-boxed elementor-section-height-default elementor-section-height-default\" data-id=\"0cf72b1\" data-element_type=\"section\" data-settings=\"{&quot;stretch_section&quot;:&quot;section-stretched&quot;,&quot;background_background&quot;:&quot;classic&quot;}\">\n\t\t\t\t\t\t<div class=\"elementor-container elementor-column-gap-wider\">\n\t\t\t\t\t<div class=\"elementor-column elementor-col-100 elementor-top-column elementor-element elementor-element-6319e04\" data-id=\"6319e04\" data-element_type=\"column\" data-settings=\"{&quot;background_background&quot;:&quot;classic&quot;}\">\n\t\t\t<div class=\"elementor-widget-wrap elementor-element-populated\">\n\t\t\t\t\t\t<section class=\"elementor-section elementor-inner-section elementor-element elementor-element-6d06864 elementor-section-boxed elementor-section-height-default elementor-section-height-default\" data-id=\"6d06864\" data-element_type=\"section\">\n\t\t\t\t\t\t<div class=\"elementor-container elementor-column-gap-default\">\n\t\t\t\t\t<div class=\"elementor-column elementor-col-50 elementor-inner-column elementor-element elementor-element-ecbebb3\" data-id=\"ecbebb3\" data-element_type=\"column\">\n\t\t\t<div class=\"elementor-widget-wrap elementor-element-populated\">\n\t\t\t\t\t\t<div class=\"elementor-element elementor-element-bd8f485 elementor-invisible elementor-widget elementor-widget-heading\" data-id=\"bd8f485\" data-element_type=\"widget\" data-settings=\"{&quot;_animation&quot;:&quot;fadeInLeft&quot;,&quot;_animation_delay&quot;:100}\" data-widget_type=\"heading.default\">\n\t\t\t\t<div class=\"elementor-widget-container\">\n\t\t\t\t\t<h2 class=\"elementor-heading-title elementor-size-default\">History<\/h2>\t\t\t\t<\/div>\n\t\t\t\t<\/div>\n\t\t\t\t<div class=\"elementor-element elementor-element-c756cfd elementor-widget-divider--view-line elementor-widget elementor-widget-divider\" data-id=\"c756cfd\" data-element_type=\"widget\" data-widget_type=\"divider.default\">\n\t\t\t\t<div class=\"elementor-widget-container\">\n\t\t\t\t\t\t\t<div class=\"elementor-divider\">\n\t\t\t<span class=\"elementor-divider-separator\">\n\t\t\t\t\t\t<\/span>\n\t\t<\/div>\n\t\t\t\t\t\t<\/div>\n\t\t\t\t<\/div>\n\t\t\t\t<div class=\"elementor-element elementor-element-b7f3426 animated-slow elementor-invisible elementor-widget elementor-widget-text-editor\" data-id=\"b7f3426\" data-element_type=\"widget\" data-settings=\"{&quot;_animation&quot;:&quot;fadeInLeft&quot;,&quot;_animation_delay&quot;:600}\" data-widget_type=\"text-editor.default\">\n\t\t\t\t<div class=\"elementor-widget-container\">\n\t\t\t\t\t\t\t\t\t<div class=\"page\" title=\"Page 2\"><div class=\"section\"><div class=\"layoutArea\"><div class=\"column\"><p>L\u2019Attilio est un nouveau restaurant gastronomique situe\u0301 au 184 rue du Faubourg Saint-Honore\u0301 (8e\u0300me arrondissement) a\u0300 Paris. Dirige\u0301 par le Chef Attilio Marrazzo, doublement e\u0301toile\u0301 Chez Jean et a\u0300 l\u2019Atelier Robuchon, le restaurant transporte chaque convive pour une d\u00e9couverte d\u2019exception o\u00f9 chaque mets r\u00e9v\u00e8le l&rsquo;essence m\u00eame d&rsquo;un h\u00e9ritage culinaire exquis, chaque repas devient ainsi un voyage gastronomique inoubliable.<\/p><div class=\"page\" title=\"Page 2\"><div class=\"section\"><div class=\"layoutArea\"><div class=\"column\"><p><em>\u201cL'Attilio embodies my passion for authentic cuisine, the fusion of flavours and modern techniques\"<\/em> says Attilio Marrazzo.<\/p><\/div><\/div><\/div><\/div><\/div><\/div><\/div><\/div>\t\t\t\t\t\t\t\t<\/div>\n\t\t\t\t<\/div>\n\t\t\t\t<div class=\"elementor-element elementor-element-a3f1e58 elementor-invisible elementor-widget elementor-widget-image\" data-id=\"a3f1e58\" data-element_type=\"widget\" data-settings=\"{&quot;_animation&quot;:&quot;fadeInUp&quot;}\" data-widget_type=\"image.default\">\n\t\t\t\t<div class=\"elementor-widget-container\">\n\t\t\t\t\t\t\t\t\t\t\t\t\t\t\t<img decoding=\"async\" width=\"200\" height=\"61\" src=\"https:\/\/bentouch.group\/wp-content\/uploads\/2023\/11\/LOGO_ATTILIO_PARIS_blanc.png\" class=\"attachment-full size-full wp-image-9706\" alt=\"\" srcset=\"https:\/\/bentouch.group\/wp-content\/uploads\/2023\/11\/LOGO_ATTILIO_PARIS_blanc.png 200w, https:\/\/bentouch.group\/wp-content\/uploads\/2023\/11\/LOGO_ATTILIO_PARIS_blanc-18x5.png 18w, https:\/\/bentouch.group\/wp-content\/uploads\/2023\/11\/LOGO_ATTILIO_PARIS_blanc-50x15.png 50w, https:\/\/bentouch.group\/wp-content\/uploads\/2023\/11\/LOGO_ATTILIO_PARIS_blanc-150x46.png 150w\" sizes=\"(max-width: 200px) 100vw, 200px\" \/>\t\t\t\t\t\t\t\t\t\t\t\t\t\t\t<\/div>\n\t\t\t\t<\/div>\n\t\t\t\t<div class=\"elementor-element elementor-element-8fa84df elementor-widget elementor-widget-button\" data-id=\"8fa84df\" data-element_type=\"widget\" data-widget_type=\"button.default\">\n\t\t\t\t<div class=\"elementor-widget-container\">\n\t\t\t\t\t\t\t\t\t<div class=\"elementor-button-wrapper\">\n\t\t\t\t\t<a class=\"elementor-button elementor-button-link elementor-size-sm\" href=\"https:\/\/lattilio.com\/\">\n\t\t\t\t\t\t<span class=\"elementor-button-content-wrapper\">\n\t\t\t\t\t\t\t\t\t<span class=\"elementor-button-text\">Discover L'Attilio Paris<\/span>\n\t\t\t\t\t<\/span>\n\t\t\t\t\t<\/a>\n\t\t\t\t<\/div>\n\t\t\t\t\t\t\t\t<\/div>\n\t\t\t\t<\/div>\n\t\t\t\t\t<\/div>\n\t\t<\/div>\n\t\t\t\t<div class=\"elementor-column elementor-col-50 elementor-inner-column elementor-element elementor-element-a2ee780 elementor-invisible\" data-id=\"a2ee780\" data-element_type=\"column\" data-settings=\"{&quot;background_background&quot;:&quot;classic&quot;,&quot;animation&quot;:&quot;fadeInUp&quot;,&quot;animation_delay&quot;:200}\">\n\t\t\t<div class=\"elementor-widget-wrap elementor-element-populated\">\n\t\t\t\t\t\t<div class=\"elementor-element elementor-element-2b4c5dc elementor-widget elementor-widget-image\" data-id=\"2b4c5dc\" data-element_type=\"widget\" data-widget_type=\"image.default\">\n\t\t\t\t<div class=\"elementor-widget-container\">\n\t\t\t\t\t\t\t\t\t\t\t\t\t\t\t<img loading=\"lazy\" decoding=\"async\" width=\"884\" height=\"563\" src=\"https:\/\/bentouch.group\/wp-content\/uploads\/2023\/11\/ATTILIO_PORTRAIT_3.webp\" class=\"attachment-full size-full wp-image-9705\" alt=\"\" srcset=\"https:\/\/bentouch.group\/wp-content\/uploads\/2023\/11\/ATTILIO_PORTRAIT_3.webp 884w, https:\/\/bentouch.group\/wp-content\/uploads\/2023\/11\/ATTILIO_PORTRAIT_3-300x191.webp 300w, https:\/\/bentouch.group\/wp-content\/uploads\/2023\/11\/ATTILIO_PORTRAIT_3-768x489.webp 768w, https:\/\/bentouch.group\/wp-content\/uploads\/2023\/11\/ATTILIO_PORTRAIT_3-18x12.webp 18w, https:\/\/bentouch.group\/wp-content\/uploads\/2023\/11\/ATTILIO_PORTRAIT_3-229x146.webp 229w, https:\/\/bentouch.group\/wp-content\/uploads\/2023\/11\/ATTILIO_PORTRAIT_3-50x32.webp 50w, https:\/\/bentouch.group\/wp-content\/uploads\/2023\/11\/ATTILIO_PORTRAIT_3-118x75.webp 118w\" sizes=\"(max-width: 884px) 100vw, 884px\" \/>\t\t\t\t\t\t\t\t\t\t\t\t\t\t\t<\/div>\n\t\t\t\t<\/div>\n\t\t\t\t\t<\/div>\n\t\t<\/div>\n\t\t\t\t\t<\/div>\n\t\t<\/section>\n\t\t\t\t\t<\/div>\n\t\t<\/div>\n\t\t\t\t\t<\/div>\n\t\t<\/section>\n\t\t\t\t<section class=\"elementor-section elementor-top-section elementor-element elementor-element-b7c9971 elementor-section-stretched top-sep opacity-6 green big-sep elementor-section-boxed elementor-section-height-default elementor-section-height-default\" data-id=\"b7c9971\" data-element_type=\"section\" data-settings=\"{&quot;stretch_section&quot;:&quot;section-stretched&quot;,&quot;background_background&quot;:&quot;classic&quot;}\">\n\t\t\t\t\t\t<div class=\"elementor-container elementor-column-gap-wider\">\n\t\t\t\t\t<div class=\"elementor-column elementor-col-100 elementor-top-column elementor-element elementor-element-ddf9a48\" data-id=\"ddf9a48\" data-element_type=\"column\">\n\t\t\t<div class=\"elementor-widget-wrap elementor-element-populated\">\n\t\t\t\t\t\t<div class=\"elementor-element elementor-element-a58b48b animated-slow elementor-invisible elementor-widget elementor-widget-heading\" data-id=\"a58b48b\" data-element_type=\"widget\" data-settings=\"{&quot;_animation&quot;:&quot;fadeInDown&quot;,&quot;_animation_delay&quot;:600}\" data-widget_type=\"heading.default\">\n\t\t\t\t<div class=\"elementor-widget-container\">\n\t\t\t\t\t<h2 class=\"elementor-heading-title elementor-size-default\">Services<\/h2>\t\t\t\t<\/div>\n\t\t\t\t<\/div>\n\t\t\t\t<div class=\"elementor-element elementor-element-723a3e1 elementor-invisible elementor-widget elementor-widget-text-editor\" data-id=\"723a3e1\" data-element_type=\"widget\" data-settings=\"{&quot;_animation&quot;:&quot;fadeInDown&quot;,&quot;_animation_delay&quot;:300}\" data-widget_type=\"text-editor.default\">\n\t\t\t\t<div class=\"elementor-widget-container\">\n\t\t\t\t\t\t\t\t\t<div title=\"Page 2\"><div><div><div><p>L&rsquo;Attilio est une invitation \u00e0 l&rsquo;\u00e9merveillement o\u00f9 chaque niveau offre une exp\u00e9rience gustative unique :<\/p><\/div><\/div><\/div><\/div>\t\t\t\t\t\t\t\t<\/div>\n\t\t\t\t<\/div>\n\t\t\t\t<div class=\"elementor-element elementor-element-89d2606 elementor-invisible elementor-widget elementor-widget-text-editor\" data-id=\"89d2606\" data-element_type=\"widget\" data-settings=\"{&quot;_animation&quot;:&quot;fadeInUp&quot;,&quot;_animation_delay&quot;:300}\" data-widget_type=\"text-editor.default\">\n\t\t\t\t<div class=\"elementor-widget-container\">\n\t\t\t\t\t\t\t\t\t<ul><li>Au rez-de-chauss\u00e9e, l\u2019<strong>E\u0301picerie Fine<\/strong> et la <strong>P\u00e2tisserie<\/strong> sont un refuge de saveurs rares et de d\u00e9lices s\u00e9lectionn\u00e9s avec soin en relation directe avec les meilleurs agriculteurs et mara\u00eechers de nos terroirs.<\/li><li>Au premier e\u0301tage, le<strong> Bistrot<\/strong> et le <strong>Bar<\/strong> d\u00e9voilent des saveurs embl\u00e9matiques et gourmandes de la gastronomie fran\u00e7aise, ravivant les souvenirs d\u2019antan.<\/li><li>Au deuxie\u0300me e\u0301tage, le<strong> Restaurant Gastronomique<\/strong> offre une exp\u00e9rience culinaire exclusive et prestigieuse dans un espace somptueux.<\/li><li>Au dernier \u00e9tage du restaurant, le temps s\u2019arr\u00eate aux c\u00f4t\u00e9s du Chef Attilio Marrazzo pour vous conter avec passion, l\u2019histoire de chaque plat, accompagn\u00e9 des plus belles bouteilles de sa cave.<\/li><\/ul>\t\t\t\t\t\t\t\t<\/div>\n\t\t\t\t<\/div>\n\t\t\t\t<div class=\"elementor-element elementor-element-6c2565a elementor-invisible elementor-widget elementor-widget-text-editor\" data-id=\"6c2565a\" data-element_type=\"widget\" data-settings=\"{&quot;_animation&quot;:&quot;fadeInDown&quot;,&quot;_animation_delay&quot;:300}\" data-widget_type=\"text-editor.default\">\n\t\t\t\t<div class=\"elementor-widget-container\">\n\t\t\t\t\t\t\t\t\t<div class=\"page\" title=\"Page 2\"><div class=\"section\"><div class=\"layoutArea\"><div class=\"column\"><p>L&rsquo;Attilio Paris cr\u00e9e des exp\u00e9riences culinaires in\u00e9gal\u00e9es, alliant audace et \u00e9l\u00e9gance intemporelle, pour transcender les limites de la tradition fran\u00e7aise et dessiner un nouveau r\u00e9cit gastronomique.<\/p><\/div><\/div><\/div><\/div>\t\t\t\t\t\t\t\t<\/div>\n\t\t\t\t<\/div>\n\t\t\t\t<div class=\"elementor-element elementor-element-a51aa78 elementor-align-center elementor-widget elementor-widget-button\" data-id=\"a51aa78\" data-element_type=\"widget\" data-widget_type=\"button.default\">\n\t\t\t\t<div class=\"elementor-widget-container\">\n\t\t\t\t\t\t\t\t\t<div class=\"elementor-button-wrapper\">\n\t\t\t\t\t<a class=\"elementor-button elementor-button-link elementor-size-md\" href=\"https:\/\/lattilio.com\/\">\n\t\t\t\t\t\t<span class=\"elementor-button-content-wrapper\">\n\t\t\t\t\t\t\t\t\t<span class=\"elementor-button-text\">Discover L'Attilio Paris<\/span>\n\t\t\t\t\t<\/span>\n\t\t\t\t\t<\/a>\n\t\t\t\t<\/div>\n\t\t\t\t\t\t\t\t<\/div>\n\t\t\t\t<\/div>\n\t\t\t\t\t<\/div>\n\t\t<\/div>\n\t\t\t\t\t<\/div>\n\t\t<\/section>\n\t\t\t\t<section class=\"elementor-section elementor-top-section elementor-element elementor-element-1fdffb8c elementor-section-stretched elementor-section-boxed elementor-section-height-default elementor-section-height-default\" data-id=\"1fdffb8c\" data-element_type=\"section\" data-settings=\"{&quot;stretch_section&quot;:&quot;section-stretched&quot;,&quot;background_background&quot;:&quot;classic&quot;}\">\n\t\t\t\t\t\t\t<div class=\"elementor-background-overlay\"><\/div>\n\t\t\t\t\t\t\t<div class=\"elementor-container elementor-column-gap-wider\">\n\t\t\t\t\t<div class=\"elementor-column elementor-col-100 elementor-top-column elementor-element elementor-element-422633a9\" data-id=\"422633a9\" data-element_type=\"column\">\n\t\t\t<div class=\"elementor-widget-wrap elementor-element-populated\">\n\t\t\t\t\t\t<section class=\"elementor-section elementor-inner-section elementor-element elementor-element-5a6919a6 elementor-section-boxed elementor-section-height-default elementor-section-height-default\" data-id=\"5a6919a6\" data-element_type=\"section\">\n\t\t\t\t\t\t<div class=\"elementor-container elementor-column-gap-default\">\n\t\t\t\t\t<div class=\"elementor-column elementor-col-50 elementor-inner-column elementor-element elementor-element-3d072f42\" data-id=\"3d072f42\" data-element_type=\"column\">\n\t\t\t<div class=\"elementor-widget-wrap elementor-element-populated\">\n\t\t\t\t\t\t<div class=\"elementor-element elementor-element-5b70503b elementor-invisible elementor-widget elementor-widget-heading\" data-id=\"5b70503b\" data-element_type=\"widget\" data-settings=\"{&quot;_animation&quot;:&quot;fadeInDown&quot;}\" data-widget_type=\"heading.default\">\n\t\t\t\t<div class=\"elementor-widget-container\">\n\t\t\t\t\t<span class=\"elementor-heading-title elementor-size-default\">Contact Ben Touch<\/span>\t\t\t\t<\/div>\n\t\t\t\t<\/div>\n\t\t\t\t<div class=\"elementor-element elementor-element-39604ca9 border-right elementor-invisible elementor-widget elementor-widget-heading\" data-id=\"39604ca9\" data-element_type=\"widget\" data-settings=\"{&quot;_animation&quot;:&quot;fadeInDown&quot;}\" data-widget_type=\"heading.default\">\n\t\t\t\t<div class=\"elementor-widget-container\">\n\t\t\t\t\t<h2 class=\"elementor-heading-title elementor-size-default\">Let's keep \n<br>in touch<\/h2>\t\t\t\t<\/div>\n\t\t\t\t<\/div>\n\t\t\t\t\t<\/div>\n\t\t<\/div>\n\t\t\t\t<div class=\"elementor-column elementor-col-50 elementor-inner-column elementor-element elementor-element-71fff092\" data-id=\"71fff092\" data-element_type=\"column\">\n\t\t\t<div class=\"elementor-widget-wrap elementor-element-populated\">\n\t\t\t\t\t\t<div class=\"elementor-element elementor-element-4013f896 elementor-align-center elementor-widget elementor-widget-button\" data-id=\"4013f896\" data-element_type=\"widget\" data-widget_type=\"button.default\">\n\t\t\t\t<div class=\"elementor-widget-container\">\n\t\t\t\t\t\t\t\t\t<div class=\"elementor-button-wrapper\">\n\t\t\t\t\t<a class=\"elementor-button elementor-button-link elementor-size-md\" href=\"\/en\/contact\/\">\n\t\t\t\t\t\t<span class=\"elementor-button-content-wrapper\">\n\t\t\t\t\t\t\t\t\t<span class=\"elementor-button-text\">Contact us<\/span>\n\t\t\t\t\t<\/span>\n\t\t\t\t\t<\/a>\n\t\t\t\t<\/div>\n\t\t\t\t\t\t\t\t<\/div>\n\t\t\t\t<\/div>\n\t\t\t\t<div class=\"elementor-element elementor-element-2ff5f6af elementor-absolute elementor-hidden-tablet elementor-hidden-mobile elementor-widget-divider--view-line elementor-invisible elementor-widget elementor-widget-divider\" data-id=\"2ff5f6af\" data-element_type=\"widget\" data-settings=\"{&quot;_position&quot;:&quot;absolute&quot;,&quot;_animation&quot;:&quot;fadeInRight&quot;}\" data-widget_type=\"divider.default\">\n\t\t\t\t<div class=\"elementor-widget-container\">\n\t\t\t\t\t\t\t<div class=\"elementor-divider\">\n\t\t\t<span class=\"elementor-divider-separator\">\n\t\t\t\t\t\t<\/span>\n\t\t<\/div>\n\t\t\t\t\t\t<\/div>\n\t\t\t\t<\/div>\n\t\t\t\t\t<\/div>\n\t\t<\/div>\n\t\t\t\t\t<\/div>\n\t\t<\/section>\n\t\t\t\t\t<\/div>\n\t\t<\/div>\n\t\t\t\t\t<\/div>\n\t\t<\/section>\n\t\t\t\t<\/div>","protected":false},"excerpt":{"rendered":"<p>Histoire L\u2019Attilio est un nouveau restaurant gastronomique situe\u0301 au 184 rue du Faubourg Saint-Honore\u0301 (8e\u0300me arrondissement) a\u0300 Paris. Dirige\u0301 par le Chef Attilio Marrazzo, doublement e\u0301toile\u0301<span class=\"excerpt-hellip\"> [\u2026]<\/span><\/p>","protected":false},"author":5,"featured_media":0,"parent":5080,"menu_order":0,"comment_status":"open","ping_status":"closed","template":"","meta":{"footnotes":""},"class_list":["post-9700","page","type-page","status-publish","hentry"],"_links":{"self":[{"href":"https:\/\/bentouch.group\/en\/wp-json\/wp\/v2\/pages\/9700","targetHints":{"allow":["GET"]}}],"collection":[{"href":"https:\/\/bentouch.group\/en\/wp-json\/wp\/v2\/pages"}],"about":[{"href":"https:\/\/bentouch.group\/en\/wp-json\/wp\/v2\/types\/page"}],"author":[{"embeddable":true,"href":"https:\/\/bentouch.group\/en\/wp-json\/wp\/v2\/users\/5"}],"replies":[{"embeddable":true,"href":"https:\/\/bentouch.group\/en\/wp-json\/wp\/v2\/comments?post=9700"}],"version-history":[{"count":83,"href":"https:\/\/bentouch.group\/en\/wp-json\/wp\/v2\/pages\/9700\/revisions"}],"predecessor-version":[{"id":9976,"href":"https:\/\/bentouch.group\/en\/wp-json\/wp\/v2\/pages\/9700\/revisions\/9976"}],"up":[{"embeddable":true,"href":"https:\/\/bentouch.group\/en\/wp-json\/wp\/v2\/pages\/5080"}],"wp:attachment":[{"href":"https:\/\/bentouch.group\/en\/wp-json\/wp\/v2\/media?parent=9700"}],"curies":[{"name":"wp","href":"https:\/\/api.w.org\/{rel}","templated":true}]}}